{"id":1216,"date":"2017-06-10T08:21:56","date_gmt":"2017-06-10T08:21:56","guid":{"rendered":"https:\/\/www.nmservices.rs\/pocetna\/"},"modified":"2020-10-31T21:24:24","modified_gmt":"2020-10-31T21:24:24","slug":"pocetna","status":"publish","type":"page","link":"https:\/\/www.nmservices.rs\/en\/","title":{"rendered":"Home"},"content":{"rendered":"<div class=\"wpb-content-wrapper\"><p>[vc_row full_width=&#8221;stretch_row&#8221; el_id=&#8221;onama&#8221;][vc_column]<div class=\"cz_gap clr  hide_on_tablet hide_on_mobile\" style=\"height: 30px\"><\/div><div class=\"cz_gap show_on_tablet clr \" style=\"height: 10px\"><\/div>[vc_row_inner content_placement=&#8221;middle&#8221; gap=&#8221;10&#8243;][vc_column_inner width=&#8221;1\/2&#8243;]<div id=\"cz_24123\" class=\"cz_24123 cz_title clr cz_mobile_text_center cz_title_pos_inline tac\"><div class=\"cz_title_content\"><div class=\"cz_wpe_content\"><p style=\"text-align: center;\"><span style=\"font-size: 30px;\">N&amp;M Services company was founded on 31st January 2016 as a shop for specific construction works under activity code 4399<\/span><\/p>\n<\/div><\/div><\/div><div class=\"cz_gap clr \" style=\"height: 20px\"><\/div><div id=\"cz_82224\" class=\"cz_82224 cz_title clr cz_mobile_text_center cz_title_pos_inline\"><div class=\"cz_title_content\"><div class=\"cz_wpe_content\"><p style=\"text-align: justify;\">Since then, we have been growing and improving ourselves constantly. Nowadays, we employ 18 people. What we mostly do is: making, fitting and repairing locks &#8211; locksmith works, making steel substructures, steel constructions, limiters, cages, containers, canopies as well as other pieces made of steel, black sheet metal, aluminium stainless steel, plexiglass&#8230;It all up to customer&#8217;s wish.<\/p>\n<\/div><\/div><\/div>[\/vc_column_inner][vc_column_inner width=&#8221;1\/2&#8243;]<div id=\"cz_60621\" class=\"cz_60621 cz_image clr cz_image_no_fx center_on_mobile\"><div class=\"\" ><div class=\"cz_image_in\"><div class=\"cz_main_image\"><img decoding=\"async\" width=\"840\" height=\"970\" src=\"https:\/\/www.nmservices.rs\/wp-content\/uploads\/2020\/10\/deep-con-image1.jpg\" class=\"attachment-full\" alt=\"\" title=\"deep-con-image1\" srcset=\"https:\/\/www.nmservices.rs\/wp-content\/uploads\/2020\/10\/deep-con-image1.jpg 840w, https:\/\/www.nmservices.rs\/wp-content\/uploads\/2020\/10\/deep-con-image1-260x300.jpg 260w, https:\/\/www.nmservices.rs\/wp-content\/uploads\/2020\/10\/deep-con-image1-768x887.jpg 768w, https:\/\/www.nmservices.rs\/wp-content\/uploads\/2020\/10\/deep-con-image1-600x693.jpg 600w\" sizes=\"(max-width: 840px) 100vw, 840px\" \/><\/div><\/div><\/div><\/div>[\/vc_column_inner][\/vc_row_inner]<div class=\"cz_gap clr  hide_on_mobile\" style=\"height: 30px\"><\/div><div class=\"cz_gap show_on_mobile clr\" style=\"height: 20px\"><\/div>[\/vc_column][\/vc_row][vc_row full_width=&#8221;stretch_row&#8221; el_id=&#8221;usluge&#8221; css=&#8221;.vc_custom_1603645500811{padding-bottom: 60px !important;background-image: url(https:\/\/www.nmservices.rs\/wp-content\/uploads\/2020\/10\/deep-con-image10.png?id=1017) !important;background-position: 0 0 !important;background-repeat: no-repeat;background-position: left bottom !important;}&#8221;][vc_column]<div class=\"cz_gap clr  hide_on_tablet hide_on_mobile\" style=\"height: 30px\"><\/div><div class=\"cz_gap show_on_tablet clr \" style=\"height: 20px\"><\/div><div id=\"cz_96560\" class=\"cz_96560 cz_title clr cz_smart_fs cz_title_pos_inline tac\"><div class=\"cz_title_content\"><div class=\"cz_wpe_content\"><div style=\"text-align: center; line-height: 1.4;\"><span style=\"font-size: 30px; color: #181c25;\">From our numerous range of employees we can offer:<\/span><\/div>\n<\/div><\/div><\/div><div class=\"cz_gap clr  hide_on_tablet hide_on_mobile\" style=\"height: 40px\"><\/div><div class=\"cz_gap show_on_tablet clr  show_only_tablet\" style=\"height: 80px\"><\/div><div class=\"cz_gap show_on_mobile clr\" style=\"height: 80px\"><\/div>[vc_row_inner][vc_column_inner width=&#8221;1\/3&#8243;]<div id=\"cz_33004\" class=\"cz_33004 cz_image clr cz_image_no_fx center_on_mobile\"><div class=\"cz_svg_bg\" ><div class=\"cz_image_in\"><div class=\"cz_main_image\"><img decoding=\"async\" width=\"800\" height=\"600\" src=\"https:\/\/www.nmservices.rs\/wp-content\/uploads\/2020\/10\/varilac-bravar.jpg\" class=\"attachment-full\" alt=\"\" title=\"varilac-bravar\" srcset=\"https:\/\/www.nmservices.rs\/wp-content\/uploads\/2020\/10\/varilac-bravar.jpg 800w, https:\/\/www.nmservices.rs\/wp-content\/uploads\/2020\/10\/varilac-bravar-300x225.jpg 300w, https:\/\/www.nmservices.rs\/wp-content\/uploads\/2020\/10\/varilac-bravar-768x576.jpg 768w, https:\/\/www.nmservices.rs\/wp-content\/uploads\/2020\/10\/varilac-bravar-600x450.jpg 600w\" sizes=\"(max-width: 800px) 100vw, 800px\" \/><\/div><\/div><div class=\"cz_image_caption mt10\"><div style=\"text-align: center; line-height: 1.4;\"><span style=\"font-size: 22px; font-weight: bold;\">LOCKSMITH<br \/>\nWELDER<br \/>\n<\/span><\/div>\n<\/div><\/div><\/div><div class=\"cz_gap clr  hide_on_tablet hide_on_mobile\" style=\"height: 40px\"><\/div><div class=\"cz_gap show_on_tablet clr  show_only_tablet\" style=\"height: 40px\"><\/div><div class=\"cz_gap show_on_mobile clr\" style=\"height: 40px\"><\/div>[\/vc_column_inner][vc_column_inner width=&#8221;1\/3&#8243;]<div id=\"cz_15432\" class=\"cz_15432 cz_image clr cz_image_no_fx center_on_mobile\"><div class=\"cz_svg_bg\" ><div class=\"cz_image_in\"><div class=\"cz_main_image\"><img decoding=\"async\" width=\"800\" height=\"600\" src=\"https:\/\/www.nmservices.rs\/wp-content\/uploads\/2020\/10\/gradjevinski-radniknm.jpg\" class=\"attachment-full\" alt=\"\" title=\"gradjevinski-radniknm\" srcset=\"https:\/\/www.nmservices.rs\/wp-content\/uploads\/2020\/10\/gradjevinski-radniknm.jpg 800w, https:\/\/www.nmservices.rs\/wp-content\/uploads\/2020\/10\/gradjevinski-radniknm-300x225.jpg 300w, https:\/\/www.nmservices.rs\/wp-content\/uploads\/2020\/10\/gradjevinski-radniknm-768x576.jpg 768w, https:\/\/www.nmservices.rs\/wp-content\/uploads\/2020\/10\/gradjevinski-radniknm-600x450.jpg 600w\" sizes=\"(max-width: 800px) 100vw, 800px\" \/><\/div><\/div><div class=\"cz_image_caption mt10\"><div style=\"text-align: center; line-height: 1.4;\"><span style=\"font-size: 22px; font-weight: bold;\">CONSTRUCTION<br \/>\nWORKER<\/span><\/div>\n<\/div><\/div><\/div><div class=\"cz_gap clr  hide_on_tablet hide_on_mobile\" style=\"height: 40px\"><\/div><div class=\"cz_gap show_on_tablet clr  show_only_tablet\" style=\"height: 40px\"><\/div><div class=\"cz_gap show_on_mobile clr\" style=\"height: 40px\"><\/div>[\/vc_column_inner][vc_column_inner width=&#8221;1\/3&#8243;]<div id=\"cz_54072\" class=\"cz_54072 cz_image clr cz_image_no_fx center_on_mobile\"><div class=\"cz_svg_bg\" ><div class=\"cz_image_in\"><div class=\"cz_main_image\"><img decoding=\"async\" width=\"800\" height=\"600\" src=\"https:\/\/www.nmservices.rs\/wp-content\/uploads\/2020\/10\/industrijsko-ciscenje.jpg\" class=\"attachment-full\" alt=\"\" title=\"industrijsko-ciscenje\" srcset=\"https:\/\/www.nmservices.rs\/wp-content\/uploads\/2020\/10\/industrijsko-ciscenje.jpg 800w, https:\/\/www.nmservices.rs\/wp-content\/uploads\/2020\/10\/industrijsko-ciscenje-300x225.jpg 300w, https:\/\/www.nmservices.rs\/wp-content\/uploads\/2020\/10\/industrijsko-ciscenje-768x576.jpg 768w, https:\/\/www.nmservices.rs\/wp-content\/uploads\/2020\/10\/industrijsko-ciscenje-600x450.jpg 600w\" sizes=\"(max-width: 800px) 100vw, 800px\" \/><\/div><\/div><div class=\"cz_image_caption mt10\"><div style=\"text-align: center; line-height: 1.4;\"><span style=\"font-size: 22px; font-weight: bold;\">OFFICE &amp; INDUSTRIAL<br \/>\nCLEANING<\/span><\/div>\n<\/div><\/div><\/div><div class=\"cz_gap clr  hide_on_tablet hide_on_mobile\" style=\"height: 40px\"><\/div><div class=\"cz_gap show_on_tablet clr  show_only_tablet\" style=\"height: 40px\"><\/div><div class=\"cz_gap show_on_mobile clr\" style=\"height: 40px\"><\/div>[\/vc_column_inner][\/vc_row_inner][vc_row_inner][vc_column_inner width=&#8221;1\/3&#8243;]<div id=\"cz_71423\" class=\"cz_71423 cz_image clr cz_image_no_fx center_on_mobile\"><div class=\"cz_svg_bg\" ><div class=\"cz_image_in\"><div class=\"cz_main_image\"><img decoding=\"async\" width=\"800\" height=\"600\" src=\"https:\/\/www.nmservices.rs\/wp-content\/uploads\/2020\/10\/viljuskarista.jpg\" class=\"attachment-full\" alt=\"\" title=\"viljuskarista\" srcset=\"https:\/\/www.nmservices.rs\/wp-content\/uploads\/2020\/10\/viljuskarista.jpg 800w, https:\/\/www.nmservices.rs\/wp-content\/uploads\/2020\/10\/viljuskarista-300x225.jpg 300w, https:\/\/www.nmservices.rs\/wp-content\/uploads\/2020\/10\/viljuskarista-768x576.jpg 768w, https:\/\/www.nmservices.rs\/wp-content\/uploads\/2020\/10\/viljuskarista-600x450.jpg 600w\" sizes=\"(max-width: 800px) 100vw, 800px\" \/><\/div><\/div><div class=\"cz_image_caption mt10\"><div style=\"text-align: center; line-height: 1.4;\"><span style=\"font-size: 22px; font-weight: bold;\">FORKLIFT<br \/>\nOPERATOR<\/span><\/div>\n<\/div><\/div><\/div><div class=\"cz_gap clr  hide_on_tablet hide_on_mobile\" style=\"height: 40px\"><\/div><div class=\"cz_gap show_on_tablet clr  show_only_tablet\" style=\"height: 40px\"><\/div><div class=\"cz_gap show_on_mobile clr\" style=\"height: 40px\"><\/div>[\/vc_column_inner][vc_column_inner width=&#8221;1\/3&#8243;]<div id=\"cz_18215\" class=\"cz_18215 cz_image clr cz_image_no_fx center_on_mobile\"><div class=\"cz_svg_bg\" ><div class=\"cz_image_in\"><div class=\"cz_main_image\"><img decoding=\"async\" width=\"800\" height=\"600\" src=\"https:\/\/www.nmservices.rs\/wp-content\/uploads\/2020\/10\/vozac-kamiona.jpg\" class=\"attachment-full\" alt=\"\" title=\"vozac-kamiona\" srcset=\"https:\/\/www.nmservices.rs\/wp-content\/uploads\/2020\/10\/vozac-kamiona.jpg 800w, https:\/\/www.nmservices.rs\/wp-content\/uploads\/2020\/10\/vozac-kamiona-300x225.jpg 300w, https:\/\/www.nmservices.rs\/wp-content\/uploads\/2020\/10\/vozac-kamiona-768x576.jpg 768w, https:\/\/www.nmservices.rs\/wp-content\/uploads\/2020\/10\/vozac-kamiona-600x450.jpg 600w\" sizes=\"(max-width: 800px) 100vw, 800px\" \/><\/div><\/div><div class=\"cz_image_caption mt10\"><div style=\"text-align: center; line-height: 1.4;\"><span style=\"font-size: 22px; font-weight: bold;\">TRUCK<br \/>\nDRIVER<\/span><\/div>\n<\/div><\/div><\/div><div class=\"cz_gap clr  hide_on_tablet hide_on_mobile\" style=\"height: 40px\"><\/div><div class=\"cz_gap show_on_tablet clr  show_only_tablet\" style=\"height: 40px\"><\/div><div class=\"cz_gap show_on_mobile clr\" style=\"height: 40px\"><\/div>[\/vc_column_inner][vc_column_inner width=&#8221;1\/3&#8243;]<div id=\"cz_60133\" class=\"cz_60133 cz_image clr cz_image_no_fx center_on_mobile\"><div class=\"cz_svg_bg\" ><div class=\"cz_image_in\"><div class=\"cz_main_image\"><img decoding=\"async\" width=\"800\" height=\"600\" src=\"https:\/\/www.nmservices.rs\/wp-content\/uploads\/2020\/10\/hidraulicna-masina.jpg\" class=\"attachment-full\" alt=\"\" title=\"hidraulicna-masina\" srcset=\"https:\/\/www.nmservices.rs\/wp-content\/uploads\/2020\/10\/hidraulicna-masina.jpg 800w, https:\/\/www.nmservices.rs\/wp-content\/uploads\/2020\/10\/hidraulicna-masina-300x225.jpg 300w, https:\/\/www.nmservices.rs\/wp-content\/uploads\/2020\/10\/hidraulicna-masina-768x576.jpg 768w, https:\/\/www.nmservices.rs\/wp-content\/uploads\/2020\/10\/hidraulicna-masina-600x450.jpg 600w\" sizes=\"(max-width: 800px) 100vw, 800px\" \/><\/div><\/div><div class=\"cz_image_caption mt10\"><div style=\"text-align: center; line-height: 1.4;\"><span style=\"font-size: 22px; font-weight: bold;\">HYDRAULIC<br \/>\nOPERATOR<\/span><\/div>\n<\/div><\/div><\/div><div class=\"cz_gap clr  hide_on_tablet hide_on_mobile\" style=\"height: 40px\"><\/div><div class=\"cz_gap show_on_tablet clr  show_only_tablet\" style=\"height: 40px\"><\/div><div class=\"cz_gap show_on_mobile clr\" style=\"height: 40px\"><\/div>[\/vc_column_inner][\/vc_row_inner][\/vc_column][\/vc_row][vc_row full_width=&#8221;stretch_row_content&#8221; content_placement=&#8221;middle&#8221; el_id=&#8221;reference&#8221; css=&#8221;.vc_custom_1603915887919{padding-top: 5px !important;padding-bottom: 5px !important;background-position: 0 0 !important;background-repeat: no-repeat !important;}&#8221;][vc_column width=&#8221;1\/2&#8243; css=&#8221;.vc_custom_1603437075365{background-image: url(https:\/\/www.nmservices.rs\/wp-content\/uploads\/2020\/10\/viljuskar.jpg?id=933) !important;background-position: center !important;background-repeat: no-repeat !important;background-size: cover !important;}&#8221;]<div class=\"cz_gap clr  hide_on_mobile\" style=\"height: 230px\"><\/div><div class=\"cz_gap show_on_mobile clr\" style=\"height: 100px\"><\/div><div id=\"cz_106181\" class=\"cz_106181 cz_title clr cz_title_pos_inline tac\"><div class=\"cz_title_content\"><div class=\"cz_wpe_content\"><h2 style=\"text-align: center;\"><span style=\"color: #ffffff;\">REFERENCES<\/span><\/h2>\n<\/div><\/div><\/div><div class=\"cz_gap clr \" style=\"height: 20px\"><\/div><div id=\"cz_51985\" class=\"cz_51985 cz_title clr cz_title_pos_center tac\"><div class=\"cz_title_content\"><div class=\"cz_wpe_content\"><p style=\"text-align: center;\"><span style=\"font-size: 22px; color: #ffffff;\">Since we were founded, we have been engaged in work of maintenance in tobacco factory in Ni\u0161, where we are in charge of all jobs mentioned above following successfully the dynamics of such a big company while tending to improve our performance in all these areas. <\/span><\/p>\n<\/div><\/div><\/div><div class=\"cz_gap clr  hide_on_mobile\" style=\"height: 190px\"><\/div><div class=\"cz_gap show_on_mobile clr\" style=\"height: 80px\"><\/div>[\/vc_column][vc_column width=&#8221;1\/2&#8243; css=&#8221;.vc_custom_1603646651746{border-top-width: 2px !important;border-bottom-width: 2px !important;padding-left: 60px !important;background-color: #ffffff !important;}&#8221;]<div class=\"cz_gap clr  hide_on_tablet hide_on_mobile\" style=\"height: 20px\"><\/div><div class=\"cz_gap show_on_tablet clr  show_only_tablet\" style=\"height: 10px\"><\/div><div class=\"cz_gap show_on_mobile clr\" style=\"height: 10px\"><\/div><div id=\"cz_102016\" class=\"cz_102016 cz_title clr cz_title_pos_inline tac\"><div class=\"cz_title_content\"><div class=\"cz_wpe_content\"><p style=\"text-align: center;\"><span style=\"font-size: 30px;\">We can also highlight our very close and successful cooperation with other companies such as<\/span><\/p>\n<\/div><\/div><\/div><div class=\"cz_gap clr \" style=\"height: 20px\"><\/div>[vc_row_inner][vc_column_inner width=&#8221;1\/3&#8243;]<div id=\"cz_19312\" class=\"cz_19312 cz_image clr cz_image_no_fx center_on_mobile\"><div class=\"\" ><div class=\"cz_image_in\"><div class=\"cz_main_image\"><img decoding=\"async\" width=\"300\" height=\"150\" src=\"https:\/\/www.nmservices.rs\/wp-content\/uploads\/2020\/10\/atalian-logo.jpg\" class=\"attachment-full\" alt=\"\" title=\"atalian-logo\" \/><\/div><\/div><\/div><\/div>[\/vc_column_inner][vc_column_inner width=&#8221;1\/3&#8243;]<div id=\"cz_91354\" class=\"cz_91354 cz_image clr cz_image_no_fx center_on_mobile\"><div class=\"\" ><div class=\"cz_image_in\"><div class=\"cz_main_image\"><img decoding=\"async\" width=\"300\" height=\"150\" src=\"https:\/\/www.nmservices.rs\/wp-content\/uploads\/2020\/10\/imlek-logo.jpg\" class=\"attachment-full\" alt=\"\" title=\"imlek-logo\" \/><\/div><\/div><\/div><\/div>[\/vc_column_inner][vc_column_inner width=&#8221;1\/3&#8243;]<div id=\"cz_51587\" class=\"cz_51587 cz_image clr cz_image_no_fx center_on_mobile\"><div class=\"\" ><div class=\"cz_image_in\"><div class=\"cz_main_image\"><img decoding=\"async\" width=\"300\" height=\"150\" src=\"https:\/\/www.nmservices.rs\/wp-content\/uploads\/2020\/10\/smartflex.jpg\" class=\"attachment-full\" alt=\"\" title=\"smartflex\" \/><\/div><\/div><\/div><\/div>[\/vc_column_inner][\/vc_row_inner][vc_row_inner][vc_column_inner width=&#8221;1\/3&#8243;]<div id=\"cz_93828\" class=\"cz_93828 cz_image clr cz_image_no_fx center_on_mobile\"><div class=\"\" ><div class=\"cz_image_in\"><div class=\"cz_main_image\"><img decoding=\"async\" width=\"300\" height=\"150\" src=\"https:\/\/www.nmservices.rs\/wp-content\/uploads\/2020\/10\/zumis-logo.jpg\" class=\"attachment-full\" alt=\"\" title=\"zumis-logo\" \/><\/div><\/div><\/div><\/div>[\/vc_column_inner][vc_column_inner width=&#8221;1\/3&#8243;]<div id=\"cz_62048\" class=\"cz_62048 cz_image clr cz_image_no_fx center_on_mobile\"><div class=\"\" ><div class=\"cz_image_in\"><div class=\"cz_main_image\"><img decoding=\"async\" width=\"300\" height=\"150\" src=\"https:\/\/www.nmservices.rs\/wp-content\/uploads\/2020\/10\/unigradnja-nis.jpg\" class=\"attachment-full\" alt=\"\" title=\"unigradnja-nis\" \/><\/div><\/div><\/div><\/div>[\/vc_column_inner][vc_column_inner width=&#8221;1\/3&#8243;]<div id=\"cz_20690\" class=\"cz_20690 cz_image clr cz_image_no_fx center_on_mobile\"><div class=\"\" ><div class=\"cz_image_in\"><div class=\"cz_main_image\"><img decoding=\"async\" width=\"300\" height=\"150\" src=\"https:\/\/www.nmservices.rs\/wp-content\/uploads\/2020\/10\/bividimont.jpg\" class=\"attachment-full\" alt=\"\" title=\"bividimont\" \/><\/div><\/div><\/div><\/div>[\/vc_column_inner][\/vc_row_inner]<div class=\"cz_btn_center\"><div class=\"cz_51128_p\"><a id=\"cz_51128\" class=\"cz_51128 cz_btn cz_btn_subtitle cz_btn_txt_no_fx cz_btn_no_fx\" href=\"tel:+381600588300\"><span><i class=\"fa fa-phone\"><\/i><strong>CALL US<small>Free consultation<\/small><\/strong><\/span><b class=\"cz_btn_onhover\"><i class=\"fa fa-phone\"><\/i><strong>CALL US<small>Free consultation<\/small><\/strong><\/b><\/a><\/div><\/div>[\/vc_column][\/vc_row]<\/p>\n<\/div>","protected":false},"excerpt":{"rendered":"<p>[vc_row full_width=&#8221;stretch_row&#8221; el_id=&#8221;onama&#8221;][vc_column][vc_row_inner content_placement=&#8221;middle&#8221; gap=&#8221;10&#8243;][vc_column_inner width=&#8221;1\/2&#8243;][\/vc_column_inner][vc_column_inner width=&#8221;1\/2&#8243;][\/vc_column_inner][\/vc_row_inner][\/vc_column][\/vc_row][vc_row full_width=&#8221;stretch_row&#8221; el_id=&#8221;usluge&#8221; css=&#8221;.vc_custom_1603645500811{padding-bottom: 60px &#8230; <\/p>\n","protected":false},"author":1,"featured_media":0,"parent":0,"menu_order":0,"comment_status":"closed","ping_status":"closed","template":"","meta":{"footnotes":""},"yoast_head":"<!-- This site is optimized with the Yoast SEO plugin v22.1 - https:\/\/yoast.com\/wordpress\/plugins\/seo\/ -->\n<title>N&amp;M Services company from Nis, Serbia. Construction, steel constructions<\/title>\n<meta name=\"description\" content=\"Locksmith works, making steel substructures, steel constructions, limiters, cages, containers, canopies as well as other pieces made of steel\" \/>\n<meta name=\"robots\" content=\"index, follow, max-snippet:-1, max-image-preview:large, max-video-preview:-1\" \/>\n<link rel=\"canonical\" href=\"https:\/\/www.nmservices.rs\/en\/pocetna\/\" \/>\n<meta property=\"og:locale\" content=\"en_US\" \/>\n<meta property=\"og:type\" content=\"article\" \/>\n<meta property=\"og:title\" content=\"N&amp;M Services company from Nis, Serbia. Construction, steel constructions\" \/>\n<meta property=\"og:description\" content=\"Locksmith works, making steel substructures, steel constructions, limiters, cages, containers, canopies as well as other pieces made of steel\" \/>\n<meta property=\"og:url\" content=\"https:\/\/www.nmservices.rs\/en\/pocetna\/\" \/>\n<meta property=\"og:site_name\" content=\"N&amp;M services\" \/>\n<meta property=\"article:publisher\" content=\"https:\/\/www.facebook.com\/NM-Services-110708940835651\" \/>\n<meta property=\"article:modified_time\" content=\"2020-10-31T21:24:24+00:00\" \/>\n<meta name=\"twitter:card\" content=\"summary_large_image\" \/>\n<meta name=\"twitter:label1\" content=\"Est. reading time\" \/>\n\t<meta name=\"twitter:data1\" content=\"6 minutes\" \/>\n<script type=\"application\/ld+json\" class=\"yoast-schema-graph\">{\"@context\":\"https:\/\/schema.org\",\"@graph\":[{\"@type\":\"WebPage\",\"@id\":\"https:\/\/www.nmservices.rs\/en\/pocetna\/\",\"url\":\"https:\/\/www.nmservices.rs\/en\/pocetna\/\",\"name\":\"N&M Services company from Nis, Serbia. Construction, steel constructions\",\"isPartOf\":{\"@id\":\"https:\/\/www.nmservices.rs\/#website\"},\"datePublished\":\"2017-06-10T08:21:56+00:00\",\"dateModified\":\"2020-10-31T21:24:24+00:00\",\"description\":\"Locksmith works, making steel substructures, steel constructions, limiters, cages, containers, canopies as well as other pieces made of steel\",\"breadcrumb\":{\"@id\":\"https:\/\/www.nmservices.rs\/en\/pocetna\/#breadcrumb\"},\"inLanguage\":\"en-US\",\"potentialAction\":[{\"@type\":\"ReadAction\",\"target\":[\"https:\/\/www.nmservices.rs\/en\/pocetna\/\"]}]},{\"@type\":\"BreadcrumbList\",\"@id\":\"https:\/\/www.nmservices.rs\/en\/pocetna\/#breadcrumb\",\"itemListElement\":[{\"@type\":\"ListItem\",\"position\":1,\"name\":\"Po\u010detna\",\"item\":\"https:\/\/www.nmservices.rs\/en\/pocetna\/\"},{\"@type\":\"ListItem\",\"position\":2,\"name\":\"Home\"}]},{\"@type\":\"WebSite\",\"@id\":\"https:\/\/www.nmservices.rs\/#website\",\"url\":\"https:\/\/www.nmservices.rs\/\",\"name\":\"N&amp;M services\",\"description\":\"Bravarski radovi, izrada \u010deli\u010dnih podkonstrukcija, \u010deli\u010dnih konstrukcija, izrada grani\u010dnika, kaveza, kontejnera, nadstre\u0161nica\",\"publisher\":{\"@id\":\"https:\/\/www.nmservices.rs\/#organization\"},\"potentialAction\":[{\"@type\":\"SearchAction\",\"target\":{\"@type\":\"EntryPoint\",\"urlTemplate\":\"https:\/\/www.nmservices.rs\/?s={search_term_string}\"},\"query-input\":\"required name=search_term_string\"}],\"inLanguage\":\"en-US\"},{\"@type\":\"Organization\",\"@id\":\"https:\/\/www.nmservices.rs\/#organization\",\"name\":\"N&M Services\",\"url\":\"https:\/\/www.nmservices.rs\/\",\"logo\":{\"@type\":\"ImageObject\",\"inLanguage\":\"en-US\",\"@id\":\"https:\/\/www.nmservices.rs\/#\/schema\/logo\/image\/\",\"url\":\"https:\/\/www.nmservices.rs\/wp-content\/uploads\/2020\/10\/nm-logo-1.png\",\"contentUrl\":\"https:\/\/www.nmservices.rs\/wp-content\/uploads\/2020\/10\/nm-logo-1.png\",\"width\":300,\"height\":123,\"caption\":\"N&M Services\"},\"image\":{\"@id\":\"https:\/\/www.nmservices.rs\/#\/schema\/logo\/image\/\"},\"sameAs\":[\"https:\/\/www.facebook.com\/NM-Services-110708940835651\",\"https:\/\/www.instagram.com\/nmservicesnis\/\"]}]}<\/script>\n<!-- \/ Yoast SEO plugin. -->","yoast_head_json":{"title":"N&M Services company from Nis, Serbia. Construction, steel constructions","description":"Locksmith works, making steel substructures, steel constructions, limiters, cages, containers, canopies as well as other pieces made of steel","robots":{"index":"index","follow":"follow","max-snippet":"max-snippet:-1","max-image-preview":"max-image-preview:large","max-video-preview":"max-video-preview:-1"},"canonical":"https:\/\/www.nmservices.rs\/en\/pocetna\/","og_locale":"en_US","og_type":"article","og_title":"N&M Services company from Nis, Serbia. Construction, steel constructions","og_description":"Locksmith works, making steel substructures, steel constructions, limiters, cages, containers, canopies as well as other pieces made of steel","og_url":"https:\/\/www.nmservices.rs\/en\/pocetna\/","og_site_name":"N&amp;M services","article_publisher":"https:\/\/www.facebook.com\/NM-Services-110708940835651","article_modified_time":"2020-10-31T21:24:24+00:00","twitter_card":"summary_large_image","twitter_misc":{"Est. reading time":"6 minutes"},"schema":{"@context":"https:\/\/schema.org","@graph":[{"@type":"WebPage","@id":"https:\/\/www.nmservices.rs\/en\/pocetna\/","url":"https:\/\/www.nmservices.rs\/en\/pocetna\/","name":"N&M Services company from Nis, Serbia. Construction, steel constructions","isPartOf":{"@id":"https:\/\/www.nmservices.rs\/#website"},"datePublished":"2017-06-10T08:21:56+00:00","dateModified":"2020-10-31T21:24:24+00:00","description":"Locksmith works, making steel substructures, steel constructions, limiters, cages, containers, canopies as well as other pieces made of steel","breadcrumb":{"@id":"https:\/\/www.nmservices.rs\/en\/pocetna\/#breadcrumb"},"inLanguage":"en-US","potentialAction":[{"@type":"ReadAction","target":["https:\/\/www.nmservices.rs\/en\/pocetna\/"]}]},{"@type":"BreadcrumbList","@id":"https:\/\/www.nmservices.rs\/en\/pocetna\/#breadcrumb","itemListElement":[{"@type":"ListItem","position":1,"name":"Po\u010detna","item":"https:\/\/www.nmservices.rs\/en\/pocetna\/"},{"@type":"ListItem","position":2,"name":"Home"}]},{"@type":"WebSite","@id":"https:\/\/www.nmservices.rs\/#website","url":"https:\/\/www.nmservices.rs\/","name":"N&amp;M services","description":"Bravarski radovi, izrada \u010deli\u010dnih podkonstrukcija, \u010deli\u010dnih konstrukcija, izrada grani\u010dnika, kaveza, kontejnera, nadstre\u0161nica","publisher":{"@id":"https:\/\/www.nmservices.rs\/#organization"},"potentialAction":[{"@type":"SearchAction","target":{"@type":"EntryPoint","urlTemplate":"https:\/\/www.nmservices.rs\/?s={search_term_string}"},"query-input":"required name=search_term_string"}],"inLanguage":"en-US"},{"@type":"Organization","@id":"https:\/\/www.nmservices.rs\/#organization","name":"N&M Services","url":"https:\/\/www.nmservices.rs\/","logo":{"@type":"ImageObject","inLanguage":"en-US","@id":"https:\/\/www.nmservices.rs\/#\/schema\/logo\/image\/","url":"https:\/\/www.nmservices.rs\/wp-content\/uploads\/2020\/10\/nm-logo-1.png","contentUrl":"https:\/\/www.nmservices.rs\/wp-content\/uploads\/2020\/10\/nm-logo-1.png","width":300,"height":123,"caption":"N&M Services"},"image":{"@id":"https:\/\/www.nmservices.rs\/#\/schema\/logo\/image\/"},"sameAs":["https:\/\/www.facebook.com\/NM-Services-110708940835651","https:\/\/www.instagram.com\/nmservicesnis\/"]}]}},"_links":{"self":[{"href":"https:\/\/www.nmservices.rs\/en\/wp-json\/wp\/v2\/pages\/1216"}],"collection":[{"href":"https:\/\/www.nmservices.rs\/en\/wp-json\/wp\/v2\/pages"}],"about":[{"href":"https:\/\/www.nmservices.rs\/en\/wp-json\/wp\/v2\/types\/page"}],"author":[{"embeddable":true,"href":"https:\/\/www.nmservices.rs\/en\/wp-json\/wp\/v2\/users\/1"}],"replies":[{"embeddable":true,"href":"https:\/\/www.nmservices.rs\/en\/wp-json\/wp\/v2\/comments?post=1216"}],"version-history":[{"count":11,"href":"https:\/\/www.nmservices.rs\/en\/wp-json\/wp\/v2\/pages\/1216\/revisions"}],"predecessor-version":[{"id":1830,"href":"https:\/\/www.nmservices.rs\/en\/wp-json\/wp\/v2\/pages\/1216\/revisions\/1830"}],"wp:attachment":[{"href":"https:\/\/www.nmservices.rs\/en\/wp-json\/wp\/v2\/media?parent=1216"}],"curies":[{"name":"wp","href":"https:\/\/api.w.org\/{rel}","templated":true}]}}