{"id":1213,"date":"2019-12-22T09:19:57","date_gmt":"2019-12-22T09:19:57","guid":{"rendered":"https:\/\/www.nmservices.rs\/kontakt\/"},"modified":"2020-10-25T21:22:55","modified_gmt":"2020-10-25T21:22:55","slug":"contact","status":"publish","type":"page","link":"https:\/\/www.nmservices.rs\/en\/contact\/","title":{"rendered":"Contact"},"content":{"rendered":"<div class=\"wpb-content-wrapper\"><p>[vc_row css=&#8221;.vc_custom_1497126171788{background-position: center !important;background-repeat: no-repeat !important;background-size: cover !important;}&#8221;][vc_column width=&#8221;2\/3&#8243;]<div class=\"cz_eqh cz_content_box_parent_fx  \"><div id=\"cz_58608\" class=\"cz_58608 cz_content_box clr\"><div class=\"cz_box_front clr\"><div class=\"cz_box_front_inner clr \"><span><\/span><div><div id=\"cz_25178\" class=\"cz_25178 cz_title clr cz_mobile_text_center cz_title_pos_inline\"><div class=\"cz_title_shape shape_text cz_shape_1\">C<\/div><div class=\"cz_title_content\"><div class=\"cz_wpe_content\"><h3><span style=\"font-size: 38px; color: #181c25;\">Ask a question<\/span><\/h3>\n<p><span style=\"color: #999999;\">Call us or ask using form below<br \/>\n<\/span><\/p>\n<\/div><\/div><\/div><div class=\"cz_gap clr \" style=\"height: 50px\"><\/div><div id=\"cz_36176\" class=\"cz_36176 cz_cf7 clr\"><div>\n<div class=\"wpcf7 no-js\" id=\"wpcf7-f213-o1\" lang=\"en-US\" dir=\"ltr\">\n<div class=\"screen-reader-response\"><p role=\"status\" aria-live=\"polite\" aria-atomic=\"true\"><\/p> <ul><\/ul><\/div>\n<form action=\"\/en\/wp-json\/wp\/v2\/pages\/1213#wpcf7-f213-o1\" method=\"post\" class=\"wpcf7-form init\" aria-label=\"Contact form\" novalidate=\"novalidate\" data-status=\"init\">\n<div style=\"display: none;\">\n<input type=\"hidden\" name=\"_wpcf7\" value=\"213\" \/>\n<input type=\"hidden\" name=\"_wpcf7_version\" value=\"5.8.7\" \/>\n<input type=\"hidden\" name=\"_wpcf7_locale\" value=\"en_US\" \/>\n<input type=\"hidden\" name=\"_wpcf7_unit_tag\" value=\"wpcf7-f213-o1\" \/>\n<input type=\"hidden\" name=\"_wpcf7_container_post\" value=\"0\" \/>\n<input type=\"hidden\" name=\"_wpcf7_posted_data_hash\" value=\"\" \/>\n<input type=\"hidden\" name=\"_wpcf7_recaptcha_response\" value=\"\" \/>\n<\/div>\n<p><label> Your name<br \/>\n<span class=\"wpcf7-form-control-wrap\" data-name=\"your-name\"><input size=\"40\" class=\"wpcf7-form-control wpcf7-text wpcf7-validates-as-required\" aria-required=\"true\" aria-invalid=\"false\" value=\"\" type=\"text\" name=\"your-name\" \/><\/span> <\/label>\n<\/p>\n<p><label> Your email<br \/>\n<span class=\"wpcf7-form-control-wrap\" data-name=\"your-email\"><input size=\"40\" class=\"wpcf7-form-control wpcf7-email wpcf7-validates-as-required wpcf7-text wpcf7-validates-as-email\" aria-required=\"true\" aria-invalid=\"false\" value=\"\" type=\"email\" name=\"your-email\" \/><\/span> <\/label>\n<\/p>\n<p><label> Subject<br \/>\n<span class=\"wpcf7-form-control-wrap\" data-name=\"your-subject\"><input size=\"40\" class=\"wpcf7-form-control wpcf7-text wpcf7-validates-as-required\" aria-required=\"true\" aria-invalid=\"false\" value=\"\" type=\"text\" name=\"your-subject\" \/><\/span> <\/label>\n<\/p>\n<p><label> Message<br \/>\n<span class=\"wpcf7-form-control-wrap\" data-name=\"your-message\"><textarea cols=\"40\" rows=\"10\" class=\"wpcf7-form-control wpcf7-textarea\" aria-invalid=\"false\" name=\"your-message\"><\/textarea><\/span> <\/label>\n<\/p>\n<p><input class=\"wpcf7-form-control wpcf7-submit has-spinner\" type=\"submit\" value=\"Send\" \/>\n<\/p><p style=\"display: none !important;\" class=\"akismet-fields-container\" data-prefix=\"_wpcf7_ak_\"><label>&#916;<textarea name=\"_wpcf7_ak_hp_textarea\" cols=\"45\" rows=\"8\" maxlength=\"100\"><\/textarea><\/label><input type=\"hidden\" id=\"ak_js_1\" name=\"_wpcf7_ak_js\" value=\"63\"\/><script>document.getElementById( \"ak_js_1\" ).setAttribute( \"value\", ( new Date() ).getTime() );<\/script><\/p><div class=\"wpcf7-response-output\" aria-hidden=\"true\"><\/div>\n<\/form>\n<\/div>\n<\/div><\/div><\/div><\/div><\/div><\/div><\/div><div class=\"cz_gap clr  hide_on_tablet hide_on_mobile\" style=\"height: 1px\"><\/div><div class=\"cz_gap show_on_tablet clr  show_only_tablet\" style=\"height: 50px\"><\/div><div class=\"cz_gap show_on_mobile clr\" style=\"height: 1px\"><\/div><div class=\"cz_gap clr  hide_on_mobile\" style=\"height: 60px\"><\/div><div class=\"cz_gap show_on_mobile clr\" style=\"height: 40px\"><\/div>[\/vc_column][vc_column width=&#8221;1\/3&#8243;]<div class=\"cz_eqh cz_content_box_parent_fx  \"><div id=\"cz_35377\" class=\"cz_35377 cz_content_box clr\"><div class=\"cz_box_front clr\"><div class=\"cz_box_front_inner clr \"><span><\/span><div><div id=\"cz_74013\" class=\"cz_74013 cz_title clr cz_mobile_text_center cz_title_has_icon cz_title_pos_inline\"><a href=\"tel:+381614266196\"><div class=\"cz_title_content\"><i class=\"cz_title_icon_before fa czico-092-phone-call-1\"><\/i><div class=\"cz_wpe_content\"><h3><span style=\"color: #ffffff;\">Phone<\/span><\/h3>\n<p><span style=\"font-size: 16px; color: #ffffff;\">+381 61 426-61-96<\/span><\/p>\n<\/div><\/div><\/a><\/div><div id=\"cz_23422\" class=\"cz_23422 cz_title clr cz_mobile_text_center cz_title_has_icon cz_title_pos_inline\"><a href=\"mailto:nmoffice@nmservices.rs\"><div class=\"cz_title_content\"><i class=\"cz_title_icon_before fa czico-088-envelope-of-white-paper\"><\/i><div class=\"cz_wpe_content\"><h3><span style=\"color: #ffffff;\">Email<\/span><\/h3>\n<p><span style=\"font-size: 16px; color: #ffffff;\">nmoffice@nmservices.rs<\/span><\/p>\n<\/div><\/div><\/a><\/div><div id=\"cz_91862\" class=\"cz_91862 cz_title clr cz_mobile_text_center cz_title_has_icon cz_title_pos_inline\"><div class=\"cz_title_content\"><i class=\"cz_title_icon_before fa czico-Icon-Location-Pin\"><\/i><div class=\"cz_wpe_content\"><h3><span style=\"color: #ffffff;\">Addresse<\/span><\/h3>\n<p><span style=\"font-size: 16px; color: #ffffff;\">Radnih Brigada 7\/20 Ni\u0161<\/span><\/p>\n<\/div><\/div><\/div>[vc_raw_html]JTNDaWZyYW1lJTIwc3JjJTNEJTIyaHR0cHMlM0ElMkYlMkZ3d3cuZ29vZ2xlLmNvbSUyRm1hcHMlMkZlbWJlZCUzRnBiJTNEJTIxMW0xOCUyMTFtMTIlMjExbTMlMjExZDI5MDMuMDE1MTA3MjU4MTk4JTIxMmQyMS45MjA1NzA3NTE4NjY2MSUyMTNkNDMuMzEzOTQzMTc5MDMxOSUyMTJtMyUyMTFmMCUyMTJmMCUyMTNmMCUyMTNtMiUyMTFpMTAyNCUyMTJpNzY4JTIxNGYxMy4xJTIxM20zJTIxMW0yJTIxMXMweDQ3NTViMDkxOWJmOTEyYzUlMjUzQTB4OThiNWZhMjU4ZTA0NWVjJTIxMnowS0RRc05DMDBMM1F1TkdGSU5DeDBZRFF1TkN6MExEUXROQ3dJRGNzSU5DZDBMalJpQSUyMTVlMCUyMTNtMiUyMTFzc3IlMjEyc3JzJTIxNHYxNjAzNjQ2ODU5MzUyJTIxNW0yJTIxMXNzciUyMTJzcnMlMjIlMjB3aWR0aCUzRCUyMjEwMCUyNSUyMiUyMGhlaWdodCUzRCUyMjM1MCUyMiUyMGZyYW1lYm9yZGVyJTNEJTIyMCUyMiUyMHN0eWxlJTNEJTIyYm9yZGVyJTNBMCUzQiUyMiUyMGFsbG93ZnVsbHNjcmVlbiUzRCUyMiUyMiUyMGFyaWEtaGlkZGVuJTNEJTIyZmFsc2UlMjIlMjB0YWJpbmRleCUzRCUyMjAlMjIlM0UlM0MlMkZpZnJhbWUlM0U=[\/vc_raw_html]<\/div><\/div><\/div><\/div><\/div>[\/vc_column][\/vc_row]<\/p>\n<\/div>","protected":false},"excerpt":{"rendered":"<p>[vc_row css=&#8221;.vc_custom_1497126171788{background-position: center !important;background-repeat: no-repeat !important;background-size: cover !important;}&#8221;][vc_column width=&#8221;2\/3&#8243;][\/vc_column][vc_column width=&#8221;1\/3&#8243;][\/vc_column][\/vc_row] &#8230; <\/p>\n","protected":false},"author":1,"featured_media":0,"parent":0,"menu_order":0,"comment_status":"closed","ping_status":"closed","template":"","meta":{"footnotes":""},"yoast_head":"<!-- This site is optimized with the Yoast SEO plugin v22.1 - https:\/\/yoast.com\/wordpress\/plugins\/seo\/ -->\n<title>Contact - N&amp;M services<\/title>\n<meta name=\"robots\" content=\"index, follow, max-snippet:-1, max-image-preview:large, max-video-preview:-1\" \/>\n<link rel=\"canonical\" href=\"https:\/\/www.nmservices.rs\/en\/contact\/\" \/>\n<meta property=\"og:locale\" content=\"en_US\" \/>\n<meta property=\"og:type\" content=\"article\" \/>\n<meta property=\"og:title\" content=\"Contact - N&amp;M services\" \/>\n<meta property=\"og:description\" content=\"[vc_row css=&#8221;.vc_custom_1497126171788{background-position: center !important;background-repeat: no-repeat !important;background-size: cover !important;}&#8221;][vc_column width=&#8221;2\/3&#8243;][\/vc_column][vc_column width=&#8221;1\/3&#8243;][\/vc_column][\/vc_row] ...\" \/>\n<meta property=\"og:url\" content=\"https:\/\/www.nmservices.rs\/en\/contact\/\" \/>\n<meta property=\"og:site_name\" content=\"N&amp;M services\" \/>\n<meta property=\"article:publisher\" content=\"https:\/\/www.facebook.com\/NM-Services-110708940835651\" \/>\n<meta property=\"article:modified_time\" content=\"2020-10-25T21:22:55+00:00\" \/>\n<meta name=\"twitter:card\" content=\"summary_large_image\" \/>\n<meta name=\"twitter:label1\" content=\"Est. reading time\" \/>\n\t<meta name=\"twitter:data1\" content=\"3 minutes\" \/>\n<script type=\"application\/ld+json\" class=\"yoast-schema-graph\">{\"@context\":\"https:\/\/schema.org\",\"@graph\":[{\"@type\":\"WebPage\",\"@id\":\"https:\/\/www.nmservices.rs\/en\/contact\/\",\"url\":\"https:\/\/www.nmservices.rs\/en\/contact\/\",\"name\":\"Contact - N&amp;M services\",\"isPartOf\":{\"@id\":\"https:\/\/www.nmservices.rs\/#website\"},\"datePublished\":\"2019-12-22T09:19:57+00:00\",\"dateModified\":\"2020-10-25T21:22:55+00:00\",\"breadcrumb\":{\"@id\":\"https:\/\/www.nmservices.rs\/en\/contact\/#breadcrumb\"},\"inLanguage\":\"en-US\",\"potentialAction\":[{\"@type\":\"ReadAction\",\"target\":[\"https:\/\/www.nmservices.rs\/en\/contact\/\"]}]},{\"@type\":\"BreadcrumbList\",\"@id\":\"https:\/\/www.nmservices.rs\/en\/contact\/#breadcrumb\",\"itemListElement\":[{\"@type\":\"ListItem\",\"position\":1,\"name\":\"Po\u010detna\",\"item\":\"https:\/\/www.nmservices.rs\/en\/pocetna\/\"},{\"@type\":\"ListItem\",\"position\":2,\"name\":\"Contact\"}]},{\"@type\":\"WebSite\",\"@id\":\"https:\/\/www.nmservices.rs\/#website\",\"url\":\"https:\/\/www.nmservices.rs\/\",\"name\":\"N&amp;M services\",\"description\":\"Bravarski radovi, izrada \u010deli\u010dnih podkonstrukcija, \u010deli\u010dnih konstrukcija, izrada grani\u010dnika, kaveza, kontejnera, nadstre\u0161nica\",\"publisher\":{\"@id\":\"https:\/\/www.nmservices.rs\/#organization\"},\"potentialAction\":[{\"@type\":\"SearchAction\",\"target\":{\"@type\":\"EntryPoint\",\"urlTemplate\":\"https:\/\/www.nmservices.rs\/?s={search_term_string}\"},\"query-input\":\"required name=search_term_string\"}],\"inLanguage\":\"en-US\"},{\"@type\":\"Organization\",\"@id\":\"https:\/\/www.nmservices.rs\/#organization\",\"name\":\"N&M Services\",\"url\":\"https:\/\/www.nmservices.rs\/\",\"logo\":{\"@type\":\"ImageObject\",\"inLanguage\":\"en-US\",\"@id\":\"https:\/\/www.nmservices.rs\/#\/schema\/logo\/image\/\",\"url\":\"https:\/\/www.nmservices.rs\/wp-content\/uploads\/2020\/10\/nm-logo-1.png\",\"contentUrl\":\"https:\/\/www.nmservices.rs\/wp-content\/uploads\/2020\/10\/nm-logo-1.png\",\"width\":300,\"height\":123,\"caption\":\"N&M Services\"},\"image\":{\"@id\":\"https:\/\/www.nmservices.rs\/#\/schema\/logo\/image\/\"},\"sameAs\":[\"https:\/\/www.facebook.com\/NM-Services-110708940835651\",\"https:\/\/www.instagram.com\/nmservicesnis\/\"]}]}<\/script>\n<!-- \/ Yoast SEO plugin. -->","yoast_head_json":{"title":"Contact - N&amp;M services","robots":{"index":"index","follow":"follow","max-snippet":"max-snippet:-1","max-image-preview":"max-image-preview:large","max-video-preview":"max-video-preview:-1"},"canonical":"https:\/\/www.nmservices.rs\/en\/contact\/","og_locale":"en_US","og_type":"article","og_title":"Contact - N&amp;M services","og_description":"[vc_row css=&#8221;.vc_custom_1497126171788{background-position: center !important;background-repeat: no-repeat !important;background-size: cover !important;}&#8221;][vc_column width=&#8221;2\/3&#8243;][\/vc_column][vc_column width=&#8221;1\/3&#8243;][\/vc_column][\/vc_row] ...","og_url":"https:\/\/www.nmservices.rs\/en\/contact\/","og_site_name":"N&amp;M services","article_publisher":"https:\/\/www.facebook.com\/NM-Services-110708940835651","article_modified_time":"2020-10-25T21:22:55+00:00","twitter_card":"summary_large_image","twitter_misc":{"Est. reading time":"3 minutes"},"schema":{"@context":"https:\/\/schema.org","@graph":[{"@type":"WebPage","@id":"https:\/\/www.nmservices.rs\/en\/contact\/","url":"https:\/\/www.nmservices.rs\/en\/contact\/","name":"Contact - N&amp;M services","isPartOf":{"@id":"https:\/\/www.nmservices.rs\/#website"},"datePublished":"2019-12-22T09:19:57+00:00","dateModified":"2020-10-25T21:22:55+00:00","breadcrumb":{"@id":"https:\/\/www.nmservices.rs\/en\/contact\/#breadcrumb"},"inLanguage":"en-US","potentialAction":[{"@type":"ReadAction","target":["https:\/\/www.nmservices.rs\/en\/contact\/"]}]},{"@type":"BreadcrumbList","@id":"https:\/\/www.nmservices.rs\/en\/contact\/#breadcrumb","itemListElement":[{"@type":"ListItem","position":1,"name":"Po\u010detna","item":"https:\/\/www.nmservices.rs\/en\/pocetna\/"},{"@type":"ListItem","position":2,"name":"Contact"}]},{"@type":"WebSite","@id":"https:\/\/www.nmservices.rs\/#website","url":"https:\/\/www.nmservices.rs\/","name":"N&amp;M services","description":"Bravarski radovi, izrada \u010deli\u010dnih podkonstrukcija, \u010deli\u010dnih konstrukcija, izrada grani\u010dnika, kaveza, kontejnera, nadstre\u0161nica","publisher":{"@id":"https:\/\/www.nmservices.rs\/#organization"},"potentialAction":[{"@type":"SearchAction","target":{"@type":"EntryPoint","urlTemplate":"https:\/\/www.nmservices.rs\/?s={search_term_string}"},"query-input":"required name=search_term_string"}],"inLanguage":"en-US"},{"@type":"Organization","@id":"https:\/\/www.nmservices.rs\/#organization","name":"N&M Services","url":"https:\/\/www.nmservices.rs\/","logo":{"@type":"ImageObject","inLanguage":"en-US","@id":"https:\/\/www.nmservices.rs\/#\/schema\/logo\/image\/","url":"https:\/\/www.nmservices.rs\/wp-content\/uploads\/2020\/10\/nm-logo-1.png","contentUrl":"https:\/\/www.nmservices.rs\/wp-content\/uploads\/2020\/10\/nm-logo-1.png","width":300,"height":123,"caption":"N&M Services"},"image":{"@id":"https:\/\/www.nmservices.rs\/#\/schema\/logo\/image\/"},"sameAs":["https:\/\/www.facebook.com\/NM-Services-110708940835651","https:\/\/www.instagram.com\/nmservicesnis\/"]}]}},"_links":{"self":[{"href":"https:\/\/www.nmservices.rs\/en\/wp-json\/wp\/v2\/pages\/1213"}],"collection":[{"href":"https:\/\/www.nmservices.rs\/en\/wp-json\/wp\/v2\/pages"}],"about":[{"href":"https:\/\/www.nmservices.rs\/en\/wp-json\/wp\/v2\/types\/page"}],"author":[{"embeddable":true,"href":"https:\/\/www.nmservices.rs\/en\/wp-json\/wp\/v2\/users\/1"}],"replies":[{"embeddable":true,"href":"https:\/\/www.nmservices.rs\/en\/wp-json\/wp\/v2\/comments?post=1213"}],"version-history":[{"count":3,"href":"https:\/\/www.nmservices.rs\/en\/wp-json\/wp\/v2\/pages\/1213\/revisions"}],"predecessor-version":[{"id":1246,"href":"https:\/\/www.nmservices.rs\/en\/wp-json\/wp\/v2\/pages\/1213\/revisions\/1246"}],"wp:attachment":[{"href":"https:\/\/www.nmservices.rs\/en\/wp-json\/wp\/v2\/media?parent=1213"}],"curies":[{"name":"wp","href":"https:\/\/api.w.org\/{rel}","templated":true}]}}